{"id":10,"date":"2025-02-17T11:04:38","date_gmt":"2025-02-17T10:04:38","guid":{"rendered":"https:\/\/www.uplift-media.de\/de\/?page_id=10"},"modified":"2025-02-27T08:24:43","modified_gmt":"2025-02-27T07:24:43","slug":"leistungen","status":"publish","type":"page","link":"https:\/\/www.uplift-media.de\/de\/leistungen\/","title":{"rendered":"Leistungen"},"content":{"rendered":"\n<div class=\"wp-block-columns is-layout-flex wp-container-core-columns-is-layout-1 wp-block-columns-is-layout-flex\">\n<div class=\"wp-block-column is-layout-flow wp-block-column-is-layout-flow\" style=\"flex-basis:66.66%\">\n<h1 class=\"wp-block-heading\"><strong>Von Strategie bis Umsetzung: <\/strong><br><strong>Erfolgreiche Mediaplanung aus einer Hand<\/strong><\/h1>\n\n\n\n<p>Von der Entwicklung einer klaren Mediastrategie \u00fcber die Planung und Buchung Ihrer Werbemittel bis hin zur regelm\u00e4\u00dfigen Erfolgskontrolle und Optimierung \u2013 wir bieten Ihnen umfassende Ma\u00dfnahmen, die Ihre <strong>Kommunikationsziele wirkungsvoll unterst\u00fctzen<\/strong>.<\/p>\n\n\n\n<p>Mit <strong>gezielten Analysen, optimalen Konditionen und einer durchdachten Umsetzung<\/strong> sorgen wir daf\u00fcr, dass Ihre Kampagne die richtige Zielgruppe erreicht. Dabei behalten wir Ihre Wettbewerber im Blick und entwickeln konkrete Ma\u00dfnahmen, die Ihre Marke abheben.<\/p>\n\n\n\n<p>Haben Sie Fragen? Dann melden Sie sich bei uns!<\/p>\n\n\n\n<div class=\"wp-block-buttons is-content-justification-left is-layout-flex wp-container-core-buttons-is-layout-1 wp-block-buttons-is-layout-flex\">\n<div class=\"wp-block-button\"><a class=\"wp-block-button__link wp-element-button\" href=\"\/de\/kontakt\">Ich habe eine Frage<\/a><\/div>\n<\/div>\n<\/div>\n\n\n\n<div class=\"wp-block-column is-layout-flow wp-block-column-is-layout-flow\">\n<figure class=\"wp-block-image size-full\"><img decoding=\"async\" src=\"https:\/\/www.uplift-media.de\/de\/wp-content\/uploads\/sites\/2\/Leistungen.svg\" alt=\"\" class=\"wp-image-135\"\/><\/figure>\n<\/div>\n<\/div>\n\n\n\n<div style=\"height:45px\" aria-hidden=\"true\" class=\"wp-block-spacer\"><\/div>\n\n\n\n<hr class=\"wp-block-separator has-alpha-channel-opacity\"\/>\n\n\n\n<div style=\"height:45px\" aria-hidden=\"true\" class=\"wp-block-spacer\"><\/div>\n\n\n\n<div class=\"wp-block-columns is-layout-flex wp-container-core-columns-is-layout-2 wp-block-columns-is-layout-flex\">\n<div class=\"wp-block-column is-layout-flow wp-block-column-is-layout-flow\">\n<div class=\"wp-block-group is-nowrap is-layout-flex wp-container-core-group-is-layout-1 wp-block-group-is-layout-flex\">\n<figure class=\"wp-block-image size-large is-resized\"><img decoding=\"async\" src=\"https:\/\/www.uplift-media.de\/de\/wp-content\/uploads\/sites\/2\/Icon-1.svg\" alt=\"\" class=\"wp-image-171\" style=\"width:auto;height:100px\"\/><\/figure>\n\n\n\n<h2 class=\"wp-block-heading\">Zielgruppen-Analyse <br>f\u00fcr maximale Wirkung<\/h2>\n<\/div>\n\n\n\n<p>Gemeinsam mit Ihnen entwickeln wir eine pr\u00e4zise Media-Zielgruppe, die Ihrer Marketing-Zielgruppe bestm\u00f6glich entspricht und \u00fcbergreifend in allen relevanten Mediakan\u00e4len (und deren jeweiligen Planungstools) einsetzbar ist.<\/p>\n<\/div>\n\n\n\n<div class=\"wp-block-column is-layout-flow wp-block-column-is-layout-flow\">\n<div class=\"wp-block-group is-nowrap is-layout-flex wp-container-core-group-is-layout-2 wp-block-group-is-layout-flex\">\n<figure class=\"wp-block-image size-large is-resized\"><img decoding=\"async\" src=\"https:\/\/www.uplift-media.de\/de\/wp-content\/uploads\/sites\/2\/Icon-2.svg\" alt=\"\" class=\"wp-image-169\" style=\"width:auto;height:100px\"\/><\/figure>\n\n\n\n<h2 class=\"wp-block-heading\">Mit Wettbewerbsanalyse <br>Vorsprung ausbauen<\/h2>\n<\/div>\n\n\n\n<p>Wir analysieren die Strategien und Taktiken Ihrer Wettbewerber und leiten daraus Chancen, Risiken und Abgrenzungspotenziale ab. So verstehen Sie die Positionierung Ihrer Konkurrenz und erhalten klare Handlungsempfehlungen f\u00fcr die n\u00e4chsten Schritte.<\/p>\n<\/div>\n<\/div>\n\n\n\n<div style=\"height:30px\" aria-hidden=\"true\" class=\"wp-block-spacer\"><\/div>\n\n\n\n<div class=\"wp-block-columns is-layout-flex wp-container-core-columns-is-layout-3 wp-block-columns-is-layout-flex\">\n<div class=\"wp-block-column is-layout-flow wp-block-column-is-layout-flow\">\n<div class=\"wp-block-group is-nowrap is-layout-flex wp-container-core-group-is-layout-3 wp-block-group-is-layout-flex\">\n<figure class=\"wp-block-image is-resized\"><img decoding=\"async\" src=\"https:\/\/www.uplift-media.de\/de\/wp-content\/uploads\/sites\/2\/Icon-4.svg\" alt=\"\" class=\"wp-image-165\" style=\"width:auto;height:100px\"\/><\/figure>\n\n\n\n<h2 class=\"wp-block-heading\">Effektive Mediastrategie <br>f\u00fcr Ihren Erfolg<\/h2>\n<\/div>\n\n\n\n<p>Wir definieren klare Ziele, empfehlen die passenden Kan\u00e4le zur optimalen Ansprache Ihrer Zielgruppe und planen den gezielten Einsatz von Werbetr\u00e4gern, Zeitr\u00e4umen und Budgets. Mit einer durchdachten Strategie erreichen wir wirkungsvoll Ihre Kommunikationsziele.<\/p>\n<\/div>\n\n\n\n<div class=\"wp-block-column is-layout-flow wp-block-column-is-layout-flow\">\n<div class=\"wp-block-group is-nowrap is-layout-flex wp-container-core-group-is-layout-4 wp-block-group-is-layout-flex\">\n<figure class=\"wp-block-image size-large is-resized\"><img decoding=\"async\" src=\"https:\/\/www.uplift-media.de\/de\/wp-content\/uploads\/sites\/2\/Icon-3.svg\" alt=\"\" class=\"wp-image-167\" style=\"width:auto;height:100px\"\/><\/figure>\n\n\n\n<h2 class=\"wp-block-heading\"><strong>Mit Mediaplanung zu konkreten Ma\u00dfnahmen<\/strong><\/h2>\n<\/div>\n\n\n\n<p>Wir \u00fcbersetzen Strategie in konkrete Einsatz-Empfehlungen: Von der Auswahl der Werbetr\u00e4ger \u00fcber die Platzierungen bis hin zu Terminen. Ein verbindlicher Plan zeigt Ihnen, wann und wo Ihre Werbung erscheint \u2013 inklusive wichtiger Leistungswerte wie Reichweite, Werbedruck und Interaktionen.<\/p>\n<\/div>\n<\/div>\n\n\n\n<div style=\"height:30px\" aria-hidden=\"true\" class=\"wp-block-spacer\"><\/div>\n\n\n\n<div class=\"wp-block-columns is-layout-flex wp-container-core-columns-is-layout-4 wp-block-columns-is-layout-flex\">\n<div class=\"wp-block-column is-layout-flow wp-block-column-is-layout-flow\">\n<div class=\"wp-block-group is-nowrap is-layout-flex wp-container-core-group-is-layout-5 wp-block-group-is-layout-flex\">\n<figure class=\"wp-block-image size-large is-resized\"><img decoding=\"async\" src=\"https:\/\/www.uplift-media.de\/de\/wp-content\/uploads\/sites\/2\/Icon-8.svg\" alt=\"\" class=\"wp-image-157\" style=\"width:auto;height:100px\"\/><\/figure>\n\n\n\n<h2 class=\"wp-block-heading\"><strong><strong>Optimale Konditionen und Platzierungen<\/strong><\/strong><\/h2>\n<\/div>\n\n\n\n<p>Als Agentur verhandeln wir die besten Konditionen und Platzierungen, um Ihre Ziele mit maximaler Effizienz und punktgenauer Umsetzung zu erreichen.<\/p>\n<\/div>\n\n\n\n<div class=\"wp-block-column is-layout-flow wp-block-column-is-layout-flow\">\n<div class=\"wp-block-group is-nowrap is-layout-flex wp-container-core-group-is-layout-6 wp-block-group-is-layout-flex\">\n<figure class=\"wp-block-image size-large is-resized\"><img decoding=\"async\" src=\"https:\/\/www.uplift-media.de\/de\/wp-content\/uploads\/sites\/2\/Icon-5.svg\" alt=\"\" class=\"wp-image-163\" style=\"width:auto;height:100px\"\/><\/figure>\n\n\n\n<h2 class=\"wp-block-heading\"><strong>Mediaeinkauf: Buchung Ihrer Werbemittel<\/strong><\/h2>\n<\/div>\n\n\n\n<p>Wir platzieren Ihre Werbemittel direkt in den passenden Medien \u2013 pers\u00f6nlich, \u00fcber Online-Buchungstools oder programmatische Schnittstellen. Alles erfolgt in enger Abstimmung mit den Vermarktern, um f\u00fcr Sie optimale Ergebnisse zu erzielen.<\/p>\n<\/div>\n<\/div>\n\n\n\n<div style=\"height:30px\" aria-hidden=\"true\" class=\"wp-block-spacer\"><\/div>\n\n\n\n<div class=\"wp-block-columns is-layout-flex wp-container-core-columns-is-layout-5 wp-block-columns-is-layout-flex\">\n<div class=\"wp-block-column is-layout-flow wp-block-column-is-layout-flow\">\n<div class=\"wp-block-group is-nowrap is-layout-flex wp-container-core-group-is-layout-7 wp-block-group-is-layout-flex\">\n<figure class=\"wp-block-image is-resized\"><img decoding=\"async\" src=\"https:\/\/www.uplift-media.de\/de\/wp-content\/uploads\/sites\/2\/Icon-6.svg\" alt=\"\" class=\"wp-image-161\" style=\"width:auto;height:100px\"\/><\/figure>\n\n\n\n<h2 class=\"wp-block-heading\">Kontinuierliche Optimierung <br>der Kampagnen<\/h2>\n<\/div>\n\n\n\n<p>Wir \u00fcberpr\u00fcfen regelm\u00e4\u00dfig die Schaltung Ihrer Werbemittel, die Platzierung und die erreichten KPIs. Bei Bedarf passen wir die Kampagne an und optimieren die gebuchten Belegungen, um Ihr Budget so effizient wie m\u00f6glich einzusetzen &#8211; zum Beispiel, wenn sich externe Parameter wie Werbeinsel-Reichweiten \u00e4ndern.<\/p>\n<\/div>\n\n\n\n<div class=\"wp-block-column is-layout-flow wp-block-column-is-layout-flow\">\n<div class=\"wp-block-group is-nowrap is-layout-flex wp-container-core-group-is-layout-8 wp-block-group-is-layout-flex\">\n<figure class=\"wp-block-image size-large is-resized\"><img decoding=\"async\" src=\"https:\/\/www.uplift-media.de\/de\/wp-content\/uploads\/sites\/2\/Icon-7.svg\" alt=\"\" class=\"wp-image-159\" style=\"width:auto;height:100px\"\/><\/figure>\n\n\n\n<h2 class=\"wp-block-heading\"><strong>Reporting f\u00fcr Analyse, Optimierung und Erfolg<\/strong><\/h2>\n<\/div>\n\n\n\n<p>In regelm\u00e4\u00dfigen Intervallen erhalten Sie einen \u00dcberblick \u00fcber die Ergebnisse Ihrer Kampagne. Wir analysieren die Zielerreichung, identifizieren St\u00e4rken und Schw\u00e4chen und entwickeln konkrete Optimierungsans\u00e4tze f\u00fcr laufende und kommende Kampagnen.<\/p>\n<\/div>\n<\/div>\n\n\n\n<div style=\"height:30px\" aria-hidden=\"true\" class=\"wp-block-spacer\"><\/div>\n\n\n\n<div class=\"wp-block-columns is-layout-flex wp-container-core-columns-is-layout-6 wp-block-columns-is-layout-flex\">\n<div class=\"wp-block-column is-layout-flow wp-block-column-is-layout-flow\" style=\"flex-basis:10%\"><\/div>\n\n\n\n<div class=\"wp-block-column is-layout-flow wp-block-column-is-layout-flow\" style=\"flex-basis:90%\">\n<h2 class=\"wp-block-heading\"><strong>Direkter Erfolg mit DTC- und Performance-Kampagnen<\/strong><\/h2>\n\n\n\n<p>DTC- und Performance-Kampagnen erreichen Ihre Zielgruppe direkt und erzielen messbare Ergebnisse wie Website-Besuche oder Leads. Wir verbinden Reichweite und Wirkung klassischer Medien mit datenbasierten und zielgerichteten Strategien des digitalen Marketings. So k\u00f6nnen wir z. B. TV-Kampagnen nach Performance-KPIs wie Cost per Lead etc. steuern und optimieren.<\/p>\n<\/div>\n\n\n\n<div class=\"wp-block-column is-layout-flow wp-block-column-is-layout-flow\" style=\"flex-basis:10%\"><\/div>\n<\/div>\n\n\n\n<div style=\"height:45px\" aria-hidden=\"true\" class=\"wp-block-spacer\"><\/div>\n\n\n\n<hr class=\"wp-block-separator has-alpha-channel-opacity\"\/>\n\n\n\n<div style=\"height:45px\" aria-hidden=\"true\" class=\"wp-block-spacer\"><\/div>\n\n\n\n<h2 class=\"wp-block-heading\">Ihre Vorteile unserer Zusammenarbeit<\/h2>\n\n\n\n<div style=\"height:15px\" aria-hidden=\"true\" class=\"wp-block-spacer\"><\/div>\n\n\n\n<div class=\"wp-block-columns is-layout-flex wp-container-core-columns-is-layout-7 wp-block-columns-is-layout-flex\">\n<div class=\"wp-block-column is-layout-flow wp-block-column-is-layout-flow\">\n<p><strong>Erreichen Sie <\/strong><br><strong>Ihre <\/strong><strong>Zielgruppe<\/strong> <br>punktgenau und zielgerichtet \u00fcber die passenden Kan\u00e4le.<\/p>\n<\/div>\n\n\n\n<div class=\"wp-block-column is-layout-flow wp-block-column-is-layout-flow\">\n<p><strong>Heben Sie sich vom <\/strong><br><strong>Wettbewerb ab<\/strong> <br>mit unserer Expertise und einem gro\u00dfen Netzwerk an Partnern.<\/p>\n<\/div>\n\n\n\n<div class=\"wp-block-column is-layout-flow wp-block-column-is-layout-flow\">\n<p><strong>Optimieren Sie <\/strong><br><strong>Ihr <\/strong><strong>Mediabudget<br><\/strong>und erzielen Sie die bestm\u00f6gliche Wirkung Ihrer Werbung.<\/p>\n<\/div>\n\n\n\n<div class=\"wp-block-column is-layout-flow wp-block-column-is-layout-flow\">\n<p><strong>St\u00e4rken Sie Ihre Markenbekanntheit<\/strong> <br>nachhaltig mit langfristigen Strategien und Ergebnissen.<\/p>\n<\/div>\n<\/div>\n\n\n\n<p><\/p>\n","protected":false},"excerpt":{"rendered":"<p>Von Strategie bis Umsetzung: Erfolgreiche Mediaplanung aus einer Hand Von der Entwicklung einer klaren Mediastrategie \u00fcber die Planung und Buchung Ihrer Werbemittel bis hin zur regelm\u00e4\u00dfigen Erfolgskontrolle und Optimierung \u2013 wir bieten Ihnen umfassende Ma\u00dfnahmen, die Ihre Kommunikationsziele wirkungsvoll unterst\u00fctzen. Mit gezielten Analysen, optimalen Konditionen und einer durchdachten Umsetzung sorgen wir daf\u00fcr, dass Ihre Kampagne [&hellip;]<\/p>\n","protected":false},"author":1,"featured_media":0,"parent":0,"menu_order":2,"comment_status":"closed","ping_status":"closed","template":"","meta":{"inline_featured_image":false,"footnotes":""},"class_list":["post-10","page","type-page","status-publish","hentry"],"_links":{"self":[{"href":"https:\/\/www.uplift-media.de\/de\/wp-json\/wp\/v2\/pages\/10","targetHints":{"allow":["GET"]}}],"collection":[{"href":"https:\/\/www.uplift-media.de\/de\/wp-json\/wp\/v2\/pages"}],"about":[{"href":"https:\/\/www.uplift-media.de\/de\/wp-json\/wp\/v2\/types\/page"}],"author":[{"embeddable":true,"href":"https:\/\/www.uplift-media.de\/de\/wp-json\/wp\/v2\/users\/1"}],"replies":[{"embeddable":true,"href":"https:\/\/www.uplift-media.de\/de\/wp-json\/wp\/v2\/comments?post=10"}],"version-history":[{"count":54,"href":"https:\/\/www.uplift-media.de\/de\/wp-json\/wp\/v2\/pages\/10\/revisions"}],"predecessor-version":[{"id":308,"href":"https:\/\/www.uplift-media.de\/de\/wp-json\/wp\/v2\/pages\/10\/revisions\/308"}],"wp:attachment":[{"href":"https:\/\/www.uplift-media.de\/de\/wp-json\/wp\/v2\/media?parent=10"}],"curies":[{"name":"wp","href":"https:\/\/api.w.org\/{rel}","templated":true}]}}