{"id":12,"date":"2025-02-17T11:05:12","date_gmt":"2025-02-17T10:05:12","guid":{"rendered":"https:\/\/www.uplift-media.de\/de\/?page_id=12"},"modified":"2025-03-04T13:22:27","modified_gmt":"2025-03-04T12:22:27","slug":"unser-ansatz","status":"publish","type":"page","link":"https:\/\/www.uplift-media.de\/de\/unser-ansatz\/","title":{"rendered":"Unser Ansatz"},"content":{"rendered":"\n<h1 class=\"wp-block-heading\">Weil Erfolg kein Zufall ist: <br>Warum Uplift Media die richtige Wahl ist<\/h1>\n\n\n\n<div style=\"height:30px\" aria-hidden=\"true\" class=\"wp-block-spacer\"><\/div>\n\n\n\n<div class=\"wp-block-columns is-layout-flex wp-container-core-columns-is-layout-1 wp-block-columns-is-layout-flex\">\n<div class=\"wp-block-column is-layout-flow wp-block-column-is-layout-flow\">\n<figure class=\"wp-block-image size-large is-resized\"><img decoding=\"async\" src=\"https:\/\/www.uplift-media.de\/de\/wp-content\/uploads\/sites\/2\/Planning-1.svg\" alt=\"\" class=\"wp-image-328\" style=\"width:auto;height:100px\"\/><\/figure>\n\n\n\n<h2 class=\"wp-block-heading\">Unabh\u00e4ngige Mediaplanung f\u00fcr <br>maximale Wirkung <\/h2>\n\n\n\n<p>Als unabh\u00e4ngige Mediaagentur sind wir nur Ihrem Erfolg verpflichtet! Wir sind Experten f\u00fcr klassische Marketing- und Mediaberatung und \u00fcbernehmen f\u00fcr Sie die Planung und Steuerung aller relevanten Kan\u00e4le. Sie profitieren von <strong>erstklassigen Einkaufskonditionen, einer effizienten Kampagnenabwicklung und einer kontinuierlichen Optimierung<\/strong> Ihrer Erfolgskennzahlen. So stellen wir sicher, dass Ihre Werbema\u00dfnahmen maximale Wirkung erzielen \u2013 messbar, zielgerichtet und nachhaltig.<\/p>\n<\/div>\n\n\n\n<div class=\"wp-block-column is-layout-flow wp-block-column-is-layout-flow\">\n<figure class=\"wp-block-image size-large is-resized\"><img decoding=\"async\" src=\"https:\/\/www.uplift-media.de\/de\/wp-content\/uploads\/sites\/2\/Agile.svg\" alt=\"\" class=\"wp-image-324\" style=\"width:auto;height:100px\"\/><\/figure>\n\n\n\n<h2 class=\"wp-block-heading\">Erfahrung trifft Agilit\u00e4t \u2013 <br>Ihr Erfolg ist unser Ziel<\/h2>\n\n\n\n<p>Als inhabergef\u00fchrte Agentur arbeiten wir <strong>schnell, pragmatisch und ohne Kompromisse bei der Qualit\u00e4t<\/strong>. Mit langj\u00e4hriger Erfahrung in den unterschiedlichsten Branchen und Budgets jeder Gr\u00f6\u00dfenordnung wissen wir, worauf es ankommt. Wir verstehen uns als echte Teamplayer und begleiten Sie auf Augenh\u00f6he \u2013 mit durchdachten Strategien und effektiven Ma\u00dfnahmen, die Ihre Kampagnen zum Erfolg f\u00fchren.<\/p>\n<\/div>\n\n\n\n<div class=\"wp-block-column is-layout-flow wp-block-column-is-layout-flow\">\n<figure class=\"wp-block-image size-thumbnail is-resized\"><img decoding=\"async\" src=\"https:\/\/www.uplift-media.de\/de\/wp-content\/uploads\/sites\/2\/Solutions.svg\" alt=\"\" class=\"wp-image-326\" style=\"width:auto;height:100px\"\/><\/figure>\n\n\n\n<h2 class=\"wp-block-heading\">Innovative Media-L\u00f6sungen <br>f\u00fcr heute und morgen<\/h2>\n\n\n\n<p>Wir entwickeln Strategien, die nicht nur funktionieren, sondern auch den Marktanforderungen von morgen gerecht werden. Wir kennen das klassische Mediagesch\u00e4ft aus dem Effeff und setzen verst\u00e4rkt auf L\u00f6sungen, die klassische Medien mit digitalen L\u00f6sungen verbinden. Durch die Kombination aus erprobten Strategien, etablierten Best Practices und innovativen Methoden schaffen wir nachhaltigen Erfolg \u2013 effizient, wirkungsvoll und zukunftsorientiert.<\/p>\n<\/div>\n<\/div>\n\n\n\n<p class=\"has-text-align-center\"><strong>Haben Sie Fragen? Dann melden Sie sich bei uns!<\/strong><\/p>\n\n\n\n<div class=\"wp-block-buttons is-content-justification-center is-layout-flex wp-container-core-buttons-is-layout-1 wp-block-buttons-is-layout-flex\">\n<div class=\"wp-block-button\"><a class=\"wp-block-button__link wp-element-button\" href=\"\/de\/kontakt\">Ja, ich m\u00f6chte eine Beratung!<\/a><\/div>\n<\/div>\n\n\n\n<div style=\"height:45px\" aria-hidden=\"true\" class=\"wp-block-spacer\"><\/div>\n\n\n\n<hr class=\"wp-block-separator has-alpha-channel-opacity\"\/>\n\n\n\n<div style=\"height:45px\" aria-hidden=\"true\" class=\"wp-block-spacer\"><\/div>\n\n\n\n<h2 class=\"wp-block-heading\">Unsere Erfolgsfaktoren f\u00fcr Ihre Kampagnen<\/h2>\n\n\n\n<div style=\"height:30px\" aria-hidden=\"true\" class=\"wp-block-spacer\"><\/div>\n\n\n\n<div class=\"wp-block-columns is-layout-flex wp-container-core-columns-is-layout-2 wp-block-columns-is-layout-flex\">\n<div class=\"wp-block-column is-layout-flow wp-block-column-is-layout-flow\">\n<h3 class=\"wp-block-heading\">Ihr Erfolg steht im Fokus:<\/h3>\n\n\n\n<p>Unsere ma\u00dfgeschneiderten L\u00f6sungen passen zu Ihrem Unternehmen und erreichen Ihre Zielgruppen.<\/p>\n<\/div>\n\n\n\n<div class=\"wp-block-column is-layout-flow wp-block-column-is-layout-flow\">\n<h3 class=\"wp-block-heading\"><strong>Zeitgem\u00e4\u00dfe <\/strong><strong>Ansprache: <\/strong><\/h3>\n\n\n\n<p>Wir verbinden klassische Medien mit digitalen L\u00f6sungen f\u00fcr eine umfassende Ansprache aller relevanten Zielgruppen.<\/p>\n<\/div>\n\n\n\n<div class=\"wp-block-column is-layout-flow wp-block-column-is-layout-flow\">\n<h3 class=\"wp-block-heading\">Pr\u00e4zise Planung, <br>starke Umsetzung:<\/h3>\n\n\n\n<p>Wir realisieren effiziente und zielgerichtete Kampagnen ohne Kompromisse bei der Qualit\u00e4t.<\/p>\n<\/div>\n\n\n\n<div class=\"wp-block-column is-layout-flow wp-block-column-is-layout-flow\">\n<p><strong>Messbare Erfolge<\/strong>: <\/p>\n\n\n\n<p>Jede Ma\u00dfnahme ist klar definiert und messbar. So wird der Erfolg Ihrer Kampagne kontinuierlich optimiert.<\/p>\n<\/div>\n<\/div>\n\n\n\n<p><\/p>\n","protected":false},"excerpt":{"rendered":"<p>Weil Erfolg kein Zufall ist: Warum Uplift Media die richtige Wahl ist Unabh\u00e4ngige Mediaplanung f\u00fcr maximale Wirkung Als unabh\u00e4ngige Mediaagentur sind wir nur Ihrem Erfolg verpflichtet! Wir sind Experten f\u00fcr klassische Marketing- und Mediaberatung und \u00fcbernehmen f\u00fcr Sie die Planung und Steuerung aller relevanten Kan\u00e4le. Sie profitieren von erstklassigen Einkaufskonditionen, einer effizienten Kampagnenabwicklung und einer [&hellip;]<\/p>\n","protected":false},"author":1,"featured_media":0,"parent":0,"menu_order":3,"comment_status":"closed","ping_status":"closed","template":"","meta":{"inline_featured_image":false,"footnotes":""},"class_list":["post-12","page","type-page","status-publish","hentry"],"_links":{"self":[{"href":"https:\/\/www.uplift-media.de\/de\/wp-json\/wp\/v2\/pages\/12","targetHints":{"allow":["GET"]}}],"collection":[{"href":"https:\/\/www.uplift-media.de\/de\/wp-json\/wp\/v2\/pages"}],"about":[{"href":"https:\/\/www.uplift-media.de\/de\/wp-json\/wp\/v2\/types\/page"}],"author":[{"embeddable":true,"href":"https:\/\/www.uplift-media.de\/de\/wp-json\/wp\/v2\/users\/1"}],"replies":[{"embeddable":true,"href":"https:\/\/www.uplift-media.de\/de\/wp-json\/wp\/v2\/comments?post=12"}],"version-history":[{"count":26,"href":"https:\/\/www.uplift-media.de\/de\/wp-json\/wp\/v2\/pages\/12\/revisions"}],"predecessor-version":[{"id":329,"href":"https:\/\/www.uplift-media.de\/de\/wp-json\/wp\/v2\/pages\/12\/revisions\/329"}],"wp:attachment":[{"href":"https:\/\/www.uplift-media.de\/de\/wp-json\/wp\/v2\/media?parent=12"}],"curies":[{"name":"wp","href":"https:\/\/api.w.org\/{rel}","templated":true}]}}