{"id":18,"date":"2025-02-17T12:24:25","date_gmt":"2025-02-17T11:24:25","guid":{"rendered":"https:\/\/www.uplift-media.de\/de\/?page_id=18"},"modified":"2025-02-28T09:46:17","modified_gmt":"2025-02-28T08:46:17","slug":"impressum","status":"publish","type":"page","link":"https:\/\/www.uplift-media.de\/de\/impressum\/","title":{"rendered":"Impressum"},"content":{"rendered":"\n<h1 class=\"wp-block-heading\">Impressum<\/h1>\n\n\n\n<p>Uplift Media GmbH<br>Brienner Str. 45 a-d<br>80333 M\u00fcnchen<\/p>\n\n\n\n<p>Telefon: +49 89-248 80 69 80<br>E-Mail: <a class=\"contact-link\" href=\"javascript:void(0)\" title=\"\">Nachricht schreiben<\/a><\/p>\n\n\n\n<p>Handelsregister: HRB 297499<br>Registergericht: M\u00fcnchen<\/p>\n\n\n\n<p>Vertreten durch: Thomas Wank<\/p>\n\n\n\n<p>Umsatzsteuer-Identifikationsnummer gem\u00e4\u00df \u00a7 27 a Umsatzsteuergesetz:<br>DE450515886<\/p>\n\n\n\n<p>Gewerbeanmeldung:<br>Die Gewerbeerlaubnis nach \u00a7 14 oder \u00a7 55c wurde am 01.01.2025 von folgender Stelle erteilt: M\u00fcnchen.<\/p>\n\n\n\n<p>Hier kommen Sie zu unserer <a href=\"https:\/\/www.uplift-media.de\/de\/datenschutz\/\" data-type=\"page\" data-id=\"8\">Datenschutzerkl\u00e4rung<\/a>.<\/p>\n\n\n\n<p>EU-Streitschlichtung<br>Die Europ\u00e4ische Kommission stellt eine Plattform zur Online-Streitbeilegung (OS) bereit:<br>https:\/\/ec.europa.eu\/consumers\/odr\/.<br>Unsere E-Mail-Adresse finden Sie oben im Impressum.<\/p>\n\n\n\n<p>Verbraucherstreitbeilegung\/Universalschlichtungsstelle<br>Wir sind nicht bereit oder verpflichtet, an Streitbeilegungsverfahren vor einer Verbraucherschlichtungsstelle teilzunehmen.<\/p>\n\n\n\n<p>Quelle: e-recht24.de<\/p>\n","protected":false},"excerpt":{"rendered":"<p>Impressum Uplift Media GmbHBrienner Str. 45 a-d80333 M\u00fcnchen Telefon: +49 89-248 80 69 80E-Mail: Handelsregister: HRB 297499Registergericht: M\u00fcnchen Vertreten durch: Thomas Wank Umsatzsteuer-Identifikationsnummer gem\u00e4\u00df \u00a7 27 a Umsatzsteuergesetz:DE450515886 Gewerbeanmeldung:Die Gewerbeerlaubnis nach \u00a7 14 oder \u00a7 55c wurde am 01.01.2025 von folgender Stelle erteilt: M\u00fcnchen. Hier kommen Sie zu unserer Datenschutzerkl\u00e4rung. EU-StreitschlichtungDie Europ\u00e4ische Kommission stellt eine [&hellip;]<\/p>\n","protected":false},"author":1,"featured_media":0,"parent":0,"menu_order":8,"comment_status":"closed","ping_status":"closed","template":"","meta":{"inline_featured_image":false,"footnotes":""},"class_list":["post-18","page","type-page","status-publish","hentry"],"_links":{"self":[{"href":"https:\/\/www.uplift-media.de\/de\/wp-json\/wp\/v2\/pages\/18","targetHints":{"allow":["GET"]}}],"collection":[{"href":"https:\/\/www.uplift-media.de\/de\/wp-json\/wp\/v2\/pages"}],"about":[{"href":"https:\/\/www.uplift-media.de\/de\/wp-json\/wp\/v2\/types\/page"}],"author":[{"embeddable":true,"href":"https:\/\/www.uplift-media.de\/de\/wp-json\/wp\/v2\/users\/1"}],"replies":[{"embeddable":true,"href":"https:\/\/www.uplift-media.de\/de\/wp-json\/wp\/v2\/comments?post=18"}],"version-history":[{"count":6,"href":"https:\/\/www.uplift-media.de\/de\/wp-json\/wp\/v2\/pages\/18\/revisions"}],"predecessor-version":[{"id":316,"href":"https:\/\/www.uplift-media.de\/de\/wp-json\/wp\/v2\/pages\/18\/revisions\/316"}],"wp:attachment":[{"href":"https:\/\/www.uplift-media.de\/de\/wp-json\/wp\/v2\/media?parent=18"}],"curies":[{"name":"wp","href":"https:\/\/api.w.org\/{rel}","templated":true}]}}