{"id":24,"date":"2025-02-17T12:48:16","date_gmt":"2025-02-17T11:48:16","guid":{"rendered":"https:\/\/www.uplift-media.de\/de\/?page_id=24"},"modified":"2025-02-27T09:38:34","modified_gmt":"2025-02-27T08:38:34","slug":"ueber-uns","status":"publish","type":"page","link":"https:\/\/www.uplift-media.de\/de\/ueber-uns\/","title":{"rendered":"\u00dcber uns"},"content":{"rendered":"\n<div class=\"wp-block-columns is-layout-flex wp-container-core-columns-is-layout-1 wp-block-columns-is-layout-flex\">\n<div class=\"wp-block-column is-layout-flow wp-block-column-is-layout-flow\" style=\"flex-basis:66.66%\">\n<h1 class=\"wp-block-heading\"><strong>Uplift Media \u2013 Erfahren Sie mehr \u00fcber uns!<\/strong><\/h1>\n\n\n\n<p>Nach vielen Jahren erfolgreicher Zusammenarbeit in einer renommierten M\u00fcnchner Mediaagentur gr\u00fcndeten Thomas Wank, Sabrina Bodechtel und Anna Gess Uplift Media. Ihr gemeinsames Ziel: Mediaplanung f\u00fcr ihre Kunden einfacher, effizienter und erfolgreicher zu machen.<\/p>\n\n\n\n<p>Unsere St\u00e4rken und Kompetenzen erg\u00e4nzen sich ideal. Mit unserer Erfahrung und einem hohen Qualit\u00e4tsanspruchhaben Sie <strong>mit Uplift Media einen starken Partner an Ihrer Seite, der Ihren Media-Erfolg auf das n\u00e4chste Level bringt<\/strong>.<\/p>\n<\/div>\n\n\n\n<div class=\"wp-block-column is-layout-flow wp-block-column-is-layout-flow\">\n<figure class=\"wp-block-image size-large is-resized\"><img decoding=\"async\" src=\"https:\/\/www.uplift-media.de\/de\/wp-content\/uploads\/sites\/2\/ueber_uns.svg\" alt=\"\" class=\"wp-image-136\" style=\"width:auto;height:250px\"\/><\/figure>\n<\/div>\n<\/div>\n\n\n\n<div style=\"height:45px\" aria-hidden=\"true\" class=\"wp-block-spacer\"><\/div>\n\n\n\n<hr class=\"wp-block-separator has-alpha-channel-opacity\"\/>\n\n\n\n<div style=\"height:45px\" aria-hidden=\"true\" class=\"wp-block-spacer\"><\/div>\n\n\n\n<div class=\"wp-block-columns is-layout-flex wp-container-core-columns-is-layout-2 wp-block-columns-is-layout-flex\">\n<div class=\"wp-block-column is-layout-flow wp-block-column-is-layout-flow\">\n<figure class=\"wp-block-image size-full\"><img loading=\"lazy\" decoding=\"async\" width=\"1024\" height=\"768\" src=\"https:\/\/www.uplift-media.de\/de\/wp-content\/uploads\/sites\/2\/Anna.jpg\" alt=\"\" class=\"wp-image-176\" srcset=\"https:\/\/www.uplift-media.de\/de\/wp-content\/uploads\/sites\/2\/Anna.jpg 1024w, https:\/\/www.uplift-media.de\/de\/wp-content\/uploads\/sites\/2\/Anna-300x225.jpg 300w, https:\/\/www.uplift-media.de\/de\/wp-content\/uploads\/sites\/2\/Anna-768x576.jpg 768w\" sizes=\"auto, (max-width: 1024px) 100vw, 1024px\" \/><\/figure>\n\n\n\n<h2 class=\"wp-block-heading\" style=\"margin-top:0px;margin-right:0px;margin-bottom:0px;margin-left:0px\">Anna Gess<\/h2>\n\n\n\n<p><strong>Organisierte Jonglage mit \u00dcberblick<\/strong><\/p>\n\n\n\n<p>Das<strong> <\/strong>organisatorische R\u00fcckgrat von Uplift Media<strong> <\/strong>ist<strong> Anna Gess. <\/strong>Ihre St\u00e4rke liegt in ihrer analytischen und strukturierten Denkweise, bei der das Ergebnis im Vordergrund steht. Anna sorgt daf\u00fcr, dass alle Prozesse reibungslos ablaufen und Deadlines eingehalten werden.<\/p>\n\n\n\n<p>Auch in stressigen Phasen beh\u00e4lt sie den \u00dcberblick und jongliert m\u00fchelos mehrere Projekte gleichzeitig. Ihr Gesp\u00fcr f\u00fcr das Wesentliche hilft Kunden genau das zu liefern, was sie brauchen \u2013 ohne unn\u00f6tige Umwege.<\/p>\n<\/div>\n\n\n\n<div class=\"wp-block-column is-layout-flow wp-block-column-is-layout-flow\">\n<figure class=\"wp-block-image size-full\"><img loading=\"lazy\" decoding=\"async\" width=\"1024\" height=\"768\" src=\"https:\/\/www.uplift-media.de\/de\/wp-content\/uploads\/sites\/2\/Thomas.jpg\" alt=\"\" class=\"wp-image-175\" srcset=\"https:\/\/www.uplift-media.de\/de\/wp-content\/uploads\/sites\/2\/Thomas.jpg 1024w, https:\/\/www.uplift-media.de\/de\/wp-content\/uploads\/sites\/2\/Thomas-300x225.jpg 300w, https:\/\/www.uplift-media.de\/de\/wp-content\/uploads\/sites\/2\/Thomas-768x576.jpg 768w\" sizes=\"auto, (max-width: 1024px) 100vw, 1024px\" \/><\/figure>\n\n\n\n<h2 class=\"wp-block-heading\" style=\"margin-top:0px;margin-right:0px;margin-bottom:0px;margin-left:0px\">Thomas Wank <\/h2>\n\n\n\n<p><strong>Stratege mit Weitblick<\/strong><\/p>\n\n\n\n<p>Mit \u00fcber 30 Jahren Erfahrung in der Media-Branche ist <strong>Thomas Wank<\/strong> der Kopf hinter Uplift Media. Als ehemaliger Gr\u00fcnder einer renommierten Mediaagentur kennt er die Branche bis ins Detail: Von der Entwicklung individueller Mediastrategien bis zur Umsetzung von Mediakampagnen f\u00fcr kleine Unternehmen bis hin zu gro\u00dfen, komplexen Projekten.<\/p>\n\n\n\n<p>Mit breiter Fachkompetenz arbeitet er sich schnell in Ihre Themen ein. Immer am Puls der Zeit erkennt er fr\u00fchzeitig neue Trends und entwickelt kreative, nachhaltige L\u00f6sungen f\u00fcr Ihr Projekt. Wenn n\u00f6tig, legt er daf\u00fcr auch mal die eine oder andere Nachtschicht ein.<\/p>\n<\/div>\n\n\n\n<div class=\"wp-block-column is-layout-flow wp-block-column-is-layout-flow\">\n<figure class=\"wp-block-image size-full\"><img loading=\"lazy\" decoding=\"async\" width=\"1024\" height=\"768\" src=\"https:\/\/www.uplift-media.de\/de\/wp-content\/uploads\/sites\/2\/Sabrina.jpg\" alt=\"\" class=\"wp-image-178\" srcset=\"https:\/\/www.uplift-media.de\/de\/wp-content\/uploads\/sites\/2\/Sabrina.jpg 1024w, https:\/\/www.uplift-media.de\/de\/wp-content\/uploads\/sites\/2\/Sabrina-300x225.jpg 300w, https:\/\/www.uplift-media.de\/de\/wp-content\/uploads\/sites\/2\/Sabrina-768x576.jpg 768w\" sizes=\"auto, (max-width: 1024px) 100vw, 1024px\" \/><\/figure>\n\n\n\n<h2 class=\"wp-block-heading\" style=\"margin-top:0px;margin-right:0px;margin-bottom:0px;margin-left:0px\">Sabrina Bodechtel  <\/h2>\n\n\n\n<p><strong>Zahlenexpertin f\u00fcr die optimale Steuerung<\/strong><\/p>\n\n\n\n<p>Mit hoher Zahlenaffinit\u00e4t und pr\u00e4ziser Arbeitsweise<strong> <\/strong>sorgt <strong>Sabrina Bodechtel<\/strong> f\u00fcr reibungslose Abl\u00e4ufe. Komplexe Analysen f\u00fchrt sie m\u00fchelos durch und sorgt so f\u00fcr eine optimale Kampagnensteuerung.<\/p>\n\n\n\n<p>Multitasking ist ihr Ding \u2013 sie beh\u00e4lt immer den \u00dcberblick und stellt sicher, dass alles termingerecht erledigt wird. Als echte Allrounderin setzt sie die Akzente auf Zielorientierung und pragmatische L\u00f6sungen.<\/p>\n<\/div>\n<\/div>\n","protected":false},"excerpt":{"rendered":"<p>Uplift Media \u2013 Erfahren Sie mehr \u00fcber uns! Nach vielen Jahren erfolgreicher Zusammenarbeit in einer renommierten M\u00fcnchner Mediaagentur gr\u00fcndeten Thomas Wank, Sabrina Bodechtel und Anna Gess Uplift Media. Ihr gemeinsames Ziel: Mediaplanung f\u00fcr ihre Kunden einfacher, effizienter und erfolgreicher zu machen. Unsere St\u00e4rken und Kompetenzen erg\u00e4nzen sich ideal. Mit unserer Erfahrung und einem hohen Qualit\u00e4tsanspruchhaben [&hellip;]<\/p>\n","protected":false},"author":1,"featured_media":0,"parent":0,"menu_order":5,"comment_status":"closed","ping_status":"closed","template":"","meta":{"inline_featured_image":false,"footnotes":""},"class_list":["post-24","page","type-page","status-publish","hentry"],"_links":{"self":[{"href":"https:\/\/www.uplift-media.de\/de\/wp-json\/wp\/v2\/pages\/24","targetHints":{"allow":["GET"]}}],"collection":[{"href":"https:\/\/www.uplift-media.de\/de\/wp-json\/wp\/v2\/pages"}],"about":[{"href":"https:\/\/www.uplift-media.de\/de\/wp-json\/wp\/v2\/types\/page"}],"author":[{"embeddable":true,"href":"https:\/\/www.uplift-media.de\/de\/wp-json\/wp\/v2\/users\/1"}],"replies":[{"embeddable":true,"href":"https:\/\/www.uplift-media.de\/de\/wp-json\/wp\/v2\/comments?post=24"}],"version-history":[{"count":17,"href":"https:\/\/www.uplift-media.de\/de\/wp-json\/wp\/v2\/pages\/24\/revisions"}],"predecessor-version":[{"id":310,"href":"https:\/\/www.uplift-media.de\/de\/wp-json\/wp\/v2\/pages\/24\/revisions\/310"}],"wp:attachment":[{"href":"https:\/\/www.uplift-media.de\/de\/wp-json\/wp\/v2\/media?parent=24"}],"curies":[{"name":"wp","href":"https:\/\/api.w.org\/{rel}","templated":true}]}}