{"id":5,"date":"2025-02-14T17:37:04","date_gmt":"2025-02-14T16:37:04","guid":{"rendered":"https:\/\/www.uplift-media.de\/de\/?page_id=5"},"modified":"2025-03-03T13:29:27","modified_gmt":"2025-03-03T12:29:27","slug":"home","status":"publish","type":"page","link":"https:\/\/www.uplift-media.de\/de\/","title":{"rendered":"Home"},"content":{"rendered":"\n<div class=\"wp-block-columns is-layout-flex wp-container-core-columns-is-layout-1 wp-block-columns-is-layout-flex\">\n<div class=\"wp-block-column is-layout-flow wp-block-column-is-layout-flow\" style=\"flex-basis:30%\">\n<div style=\"height:30px\" aria-hidden=\"true\" class=\"wp-block-spacer\"><\/div>\n\n\n\n<h1 class=\"wp-block-heading\">Uplift Media \u2013 <br>Ihr Partner f\u00fcr erfolgreiche Kommunikationsstrategien<\/h1>\n\n\n\n<p>Sie suchen eine Mediaagentur, die Ihre Zielgruppe versteht und \u00fcber die richtigen Kan\u00e4le erreicht? Wir bieten Ihnen ma\u00dfgeschneiderte Media-L\u00f6sungen, die \u00fcber klassische Werbema\u00dfnahmen hinausgehen!<\/p>\n\n\n\n<p>Uplift Media ist eine Mediaagentur, die Sie medien\u00fcbergreifend und anbieterunabh\u00e4ngig ber\u00e4t. Mit innovativen Konzepten, flexiblen Platzierungen und passgenauen Sonderformaten sorgen wir daf\u00fcr, dass Ihre <strong>Botschaft genau dort ankommt, wo sie wirken soll<\/strong> \u2013 punktgenau und effektiv.<\/p>\n<\/div>\n\n\n\n<div class=\"wp-block-column is-layout-flow wp-block-column-is-layout-flow\" style=\"flex-basis:70%\">\n<div class=\"wp-block-group is-layout-grid wp-container-core-group-is-layout-1 wp-block-group-is-layout-grid\">\n<figure class=\"wp-block-image size-full\"><a href=\"https:\/\/www.uplift-media.de\/de\/leistungen\/\"><img decoding=\"async\" src=\"https:\/\/www.uplift-media.de\/de\/wp-content\/uploads\/sites\/2\/Leistungen.svg\" alt=\"\" class=\"wp-image-135\" style=\"object-fit:cover\"\/><\/a><figcaption class=\"wp-element-caption\">Leistungen<\/figcaption><\/figure>\n\n\n\n<figure class=\"wp-block-image size-full\"><a href=\"https:\/\/www.uplift-media.de\/de\/unser-ansatz\/\"><img decoding=\"async\" src=\"https:\/\/www.uplift-media.de\/de\/wp-content\/uploads\/sites\/2\/Ansatz.svg\" alt=\"\" class=\"wp-image-133\"\/><\/a><figcaption class=\"wp-element-caption\">Unser Ansatz<\/figcaption><\/figure>\n\n\n\n<figure class=\"wp-block-image size-full\"><a href=\"https:\/\/www.uplift-media.de\/de\/ueber-uns\/\"><img decoding=\"async\" src=\"https:\/\/www.uplift-media.de\/de\/wp-content\/uploads\/sites\/2\/ueber_uns.svg\" alt=\"\" class=\"wp-image-136\"\/><\/a><figcaption class=\"wp-element-caption\">\u00dcber uns<\/figcaption><\/figure>\n\n\n\n<figure class=\"wp-block-image size-full\"><a href=\"https:\/\/www.uplift-media.de\/de\/kontakt\/\"><img decoding=\"async\" src=\"https:\/\/www.uplift-media.de\/de\/wp-content\/uploads\/sites\/2\/Kontakt.svg\" alt=\"\" class=\"wp-image-134\" style=\"object-fit:cover\"\/><\/a><figcaption class=\"wp-element-caption\">Kontakt<\/figcaption><\/figure>\n<\/div>\n<\/div>\n<\/div>\n","protected":false},"excerpt":{"rendered":"<p>Uplift Media \u2013 Ihr Partner f\u00fcr erfolgreiche Kommunikationsstrategien Sie suchen eine Mediaagentur, die Ihre Zielgruppe versteht und \u00fcber die richtigen Kan\u00e4le erreicht? Wir bieten Ihnen ma\u00dfgeschneiderte Media-L\u00f6sungen, die \u00fcber klassische Werbema\u00dfnahmen hinausgehen! Uplift Media ist eine Mediaagentur, die Sie medien\u00fcbergreifend und anbieterunabh\u00e4ngig ber\u00e4t. Mit innovativen Konzepten, flexiblen Platzierungen und passgenauen Sonderformaten sorgen wir daf\u00fcr, dass [&hellip;]<\/p>\n","protected":false},"author":1,"featured_media":0,"parent":0,"menu_order":1,"comment_status":"closed","ping_status":"closed","template":"","meta":{"inline_featured_image":false,"footnotes":""},"class_list":["post-5","page","type-page","status-publish","hentry"],"_links":{"self":[{"href":"https:\/\/www.uplift-media.de\/de\/wp-json\/wp\/v2\/pages\/5","targetHints":{"allow":["GET"]}}],"collection":[{"href":"https:\/\/www.uplift-media.de\/de\/wp-json\/wp\/v2\/pages"}],"about":[{"href":"https:\/\/www.uplift-media.de\/de\/wp-json\/wp\/v2\/types\/page"}],"author":[{"embeddable":true,"href":"https:\/\/www.uplift-media.de\/de\/wp-json\/wp\/v2\/users\/1"}],"replies":[{"embeddable":true,"href":"https:\/\/www.uplift-media.de\/de\/wp-json\/wp\/v2\/comments?post=5"}],"version-history":[{"count":56,"href":"https:\/\/www.uplift-media.de\/de\/wp-json\/wp\/v2\/pages\/5\/revisions"}],"predecessor-version":[{"id":306,"href":"https:\/\/www.uplift-media.de\/de\/wp-json\/wp\/v2\/pages\/5\/revisions\/306"}],"wp:attachment":[{"href":"https:\/\/www.uplift-media.de\/de\/wp-json\/wp\/v2\/media?parent=5"}],"curies":[{"name":"wp","href":"https:\/\/api.w.org\/{rel}","templated":true}]}}